{"id":14,"date":"2018-07-23T20:22:58","date_gmt":"2018-07-23T18:22:58","guid":{"rendered":"https:\/\/dieeuropa.wordpress.com\/geschichte\/"},"modified":"2023-01-06T17:30:13","modified_gmt":"2023-01-06T16:30:13","slug":"geschichte","status":"publish","type":"page","link":"https:\/\/www.cestv-europa.org\/?page_id=14","title":{"rendered":"Geschichte"},"content":{"rendered":"<p>Der europ\u00e4ische Kontinent ist gepr\u00e4gt von mannigfaltigen Traditionen, Nationen, Mentalit\u00e4ten und liebenswerten lokalen Eigenheiten. Ein pulsierender und pluralisierender Kontinent der sowohl voranschreitet als sich auch besinnt. Ein gemeinsames Schreiten in die Zukunft ist Auftrag und Vision eines gl\u00fchenden Europ\u00e4ers. Dabei Grenzen zu \u00fcberwinden, gemeinsam Zukunft zu gestalten, f\u00fcr Europa einzustehen und dennoch die Vielfalt Europas als Schatz zu erfahren und zu erhalten.<\/p>\n<p>Die C.E.St.V. Europa will diesen Grundsatz auf eine couleurstudentische Ebene bringen. Im Sinne der Tradition gelten f\u00fcr uns vier Prinzipien:<\/p>\n<ul>\n<li>Religio &#8211; wir stehen f\u00fcr christliche Werte<\/li>\n<li>Patria &#8211; wir bekennen Treue zu Europa als partizipierte B\u00fcrger<\/li>\n<li>Scientia &#8211; wir streben nach akademischen Wissen<\/li>\n<li>Amicitia &#8211; wir leben lebenslage Freundschaft<\/li>\n<\/ul>\n<p>Die C.E.St.V. Europa wurde am 7. Februar 2018 gegr\u00fcndet und ist eine gemischte, nichtschlagende Verbindung und au\u00dfer Konkurrenz zu den bestehenden christlichen und katholischen Verbindungen. Ein Beitritt ist jedem m\u00f6glich, der<\/p>\n<ul>\n<li>sich zu den christlichen Werten in \u00f6kumenischer Gesinnung bekennt<\/li>\n<li>eine pro-europ\u00e4ische Einstellung hat<\/li>\n<li>ordentlicher Student an einer anerkannten Universi\u00e4t oder Hochschule ist bzw. bereits ein Studium abgeschlossen hat<\/li>\n<li>bereits auf Hochschul-Ebene im EKV korporiert ist oder einer Verbindung angeh\u00f6rt, deren Prinzipien denen des EKV entsprechen<\/li>\n<\/ul>\n<p>Die C.E.St.V. Europa hat es sich zum Ziel gesetzt, Bundes- und Kartellgeschwister in ganz Europa zu vernetzen und die Arbeit des Europ\u00e4ischen Kartellverbandes aktiv zu unterst\u00fctzen.<\/p>\n<p>Seit 17. M\u00e4rz 2018 ist die C.E.St.V. Europa Mitglied im Technischen Cartellverband. Beim Festkommers anl\u00e4sslich 115 Jahre TCV im Rahmen der 86. Cartellversammlung wurde unsere Verbindung feierlich aufgenommen. Seit jeher ist der TCV einer der gr\u00f6\u00dften Unterst\u00fctzer des EKV und als europ\u00e4isch ausgerichteter Verband die logische Heimat f\u00fcr unsere Europa.<\/p>\n<p>Im Sinne dieser Idee einer europ\u00e4ischen Allianz wird die C.E.St.V. Europa nicht nur in \u00d6sterreich aktiv sein, sondern Veranstaltungen in ganz Europa organisieren. Alle Kartellgeschwister sind herzlich dazu eingeladen.<\/p>\n<p>Die C.E.St.V. hat sich durch das Bestreben europ\u00e4ischer Individualisten innerhalb des EKV gegr\u00fcndet. Im Gedenkjahr 2018 in \u00d6sterreich wurden die Satuten der Landespolizeidirektion Wien vorgelegt und genehmigt.<\/p>\n<p>Die Publikation wurde am &#8222;Tag der Demokratie&#8220; &#8211; 15. September 2018 &#8211; in Salzburg gefeiert als kleine Reminiszenz an die Gr\u00fcndung des EKV im Jahr 1975. Am Gr\u00fcndungsconvent wurden neun Gr\u00fcndungsburschen akzeptiert, von denen sieben am Kommers das Band der Europa verliehen werden konnte.<\/p>\n<p>Damit startet die Europa mit dreizehn Bundesbr\u00fcdern und Bundesschwestern sowie einem engagierten ChC ins neue Studienjahr.<\/p>\n<p>Das <a href=\"http:\/\/cestv-europa.org\/chc\/\">ChC<\/a> steht Euch unter <a href=\"mailto:info@cestv-europa.org\" target=\"_blank\" rel=\"noopener noreferrer\">info@cestv-europa.org<\/a> f\u00fcr weitere Fragen gerne zur Verf\u00fcgung.<\/p>\n","protected":false},"excerpt":{"rendered":"<p>Der europ\u00e4ische Kontinent ist gepr\u00e4gt von mannigfaltigen Traditionen, Nationen, Mentalit\u00e4ten und liebenswerten lokalen Eigenheiten. Ein pulsierender und pluralisierender Kontinent der sowohl voranschreitet als sich auch besinnt. Ein gemeinsames Schreiten in die Zukunft ist Auftrag und Vision eines gl\u00fchenden Europ\u00e4ers. Dabei&#8230; <a class=\"more-link\" href=\"https:\/\/www.cestv-europa.org\/?page_id=14\">Weiterlesen &rarr;<\/a><\/p>\n","protected":false},"author":1,"featured_media":0,"parent":13,"menu_order":2,"comment_status":"closed","ping_status":"closed","template":"","meta":{"_crdt_document":"","footnotes":""},"class_list":["post-14","page","type-page","status-publish","hentry"],"_links":{"self":[{"href":"https:\/\/www.cestv-europa.org\/index.php?rest_route=\/wp\/v2\/pages\/14","targetHints":{"allow":["GET"]}}],"collection":[{"href":"https:\/\/www.cestv-europa.org\/index.php?rest_route=\/wp\/v2\/pages"}],"about":[{"href":"https:\/\/www.cestv-europa.org\/index.php?rest_route=\/wp\/v2\/types\/page"}],"author":[{"embeddable":true,"href":"https:\/\/www.cestv-europa.org\/index.php?rest_route=\/wp\/v2\/users\/1"}],"replies":[{"embeddable":true,"href":"https:\/\/www.cestv-europa.org\/index.php?rest_route=%2Fwp%2Fv2%2Fcomments&post=14"}],"version-history":[{"count":2,"href":"https:\/\/www.cestv-europa.org\/index.php?rest_route=\/wp\/v2\/pages\/14\/revisions"}],"predecessor-version":[{"id":194,"href":"https:\/\/www.cestv-europa.org\/index.php?rest_route=\/wp\/v2\/pages\/14\/revisions\/194"}],"up":[{"embeddable":true,"href":"https:\/\/www.cestv-europa.org\/index.php?rest_route=\/wp\/v2\/pages\/13"}],"wp:attachment":[{"href":"https:\/\/www.cestv-europa.org\/index.php?rest_route=%2Fwp%2Fv2%2Fmedia&parent=14"}],"curies":[{"name":"wp","href":"https:\/\/api.w.org\/{rel}","templated":true}]}}