{"id":162,"date":"2019-06-20T15:31:03","date_gmt":"2019-06-20T13:31:03","guid":{"rendered":"http:\/\/www.cestv-europa.org\/?page_id=162"},"modified":"2023-06-06T16:37:33","modified_gmt":"2023-06-06T14:37:33","slug":"mitglied-werden","status":"publish","type":"page","link":"https:\/\/www.cestv-europa.org\/?page_id=162","title":{"rendered":"Mitglied werden"},"content":{"rendered":"<p>Europa w\u00e4chst und gedeiht!<br \/>\nWenn auch Du Mitglied bei uns werden m\u00f6chtest, schreib uns eine E-Mail an:<br \/>\n<a href=\"mailto:info@cestv-europa.org\">info@cestv-europa.org<\/a><\/p>\n<p>F\u00fcr Programm-Infos und Updates kannst Du dich in den Newsletter eintragen lassen:<br \/>\n<a href=\"mailto:info@cestv-europa.org\">info@cestv-europa.org<\/a><\/p>\n<p><!-- End Brevo Form --><strong>Voraussetzungen f\u00fcr eine Aufnahme:<\/strong><\/p>\n<ul>\n<li>Student bzw. Absolvent einer anerkannten Hochschule\/Universit\u00e4t<\/li>\n<li>Bekenntnis zu christlichen Werten in \u00f6kumenischer Gesinnung<\/li>\n<li>Pro-Europ\u00e4ische Einstellung<\/li>\n<li>Korporiert in einer Verbindung innerhalb des EKV bzw. in einer Verbindung, die den Prinzipien des EKV entsprechen<\/li>\n<li>Positiver Entscheid des Convents<\/li>\n<\/ul>\n<p>Sollten Kriterien auf Dich nicht zutreffen, nimm bitte trotzdem mit uns Kontakt auf!<\/p>\n<p>Der Jahresbeitrag f\u00fcr Vollmitglieder betr\u00e4gt 84,00 EURO.<\/p>\n<p>Wir freuen uns auch \u00fcber Spenden an unsere Verbindung. Wer uns finanziell unterst\u00fctzen m\u00f6chte, gibt es hier die n\u00f6tigen Infos:<\/p>\n<p>Bankverbindung:<\/p>\n<p>Raiffeisenlandesbank N\u00d6-Wien<br \/>\nName: C.E.St.V. Europa<br \/>\nIBAN: AT46 3200 0000 1269 2190<br \/>\nBIC: RLNWATWW<\/p>\n","protected":false},"excerpt":{"rendered":"<p>Europa w\u00e4chst und gedeiht! Wenn auch Du Mitglied bei uns werden m\u00f6chtest, schreib uns eine E-Mail an: info@cestv-europa.org F\u00fcr Programm-Infos und Updates kannst Du dich in den Newsletter eintragen lassen: info@cestv-europa.org Voraussetzungen f\u00fcr eine Aufnahme: Student bzw. Absolvent einer anerkannten&#8230; <a class=\"more-link\" href=\"https:\/\/www.cestv-europa.org\/?page_id=162\">Weiterlesen &rarr;<\/a><\/p>\n","protected":false},"author":1,"featured_media":0,"parent":0,"menu_order":1,"comment_status":"closed","ping_status":"closed","template":"","meta":{"_crdt_document":"","footnotes":""},"class_list":["post-162","page","type-page","status-publish","hentry"],"_links":{"self":[{"href":"https:\/\/www.cestv-europa.org\/index.php?rest_route=\/wp\/v2\/pages\/162","targetHints":{"allow":["GET"]}}],"collection":[{"href":"https:\/\/www.cestv-europa.org\/index.php?rest_route=\/wp\/v2\/pages"}],"about":[{"href":"https:\/\/www.cestv-europa.org\/index.php?rest_route=\/wp\/v2\/types\/page"}],"author":[{"embeddable":true,"href":"https:\/\/www.cestv-europa.org\/index.php?rest_route=\/wp\/v2\/users\/1"}],"replies":[{"embeddable":true,"href":"https:\/\/www.cestv-europa.org\/index.php?rest_route=%2Fwp%2Fv2%2Fcomments&post=162"}],"version-history":[{"count":9,"href":"https:\/\/www.cestv-europa.org\/index.php?rest_route=\/wp\/v2\/pages\/162\/revisions"}],"predecessor-version":[{"id":658,"href":"https:\/\/www.cestv-europa.org\/index.php?rest_route=\/wp\/v2\/pages\/162\/revisions\/658"}],"wp:attachment":[{"href":"https:\/\/www.cestv-europa.org\/index.php?rest_route=%2Fwp%2Fv2%2Fmedia&parent=162"}],"curies":[{"name":"wp","href":"https:\/\/api.w.org\/{rel}","templated":true}]}}