{"id":356,"date":"2021-09-06T12:19:34","date_gmt":"2021-09-06T10:19:34","guid":{"rendered":"https:\/\/www.cestv-europa.org\/?page_id=356"},"modified":"2023-01-06T17:33:39","modified_gmt":"2023-01-06T16:33:39","slug":"zoom-talks","status":"publish","type":"page","link":"https:\/\/www.cestv-europa.org\/?page_id=356","title":{"rendered":"Zoom Talks"},"content":{"rendered":"\n<p class=\"wp-block-paragraph\"><\/p>\n\n\n\n<figure class=\"wp-block-image size-large\"><img fetchpriority=\"high\" decoding=\"async\" width=\"923\" height=\"352\" src=\"https:\/\/www.cestv-europa.org\/wp-content\/uploads\/2021\/04\/FB_DigitalesStudieren_lang.png\" alt=\"\" class=\"wp-image-339\" srcset=\"https:\/\/www.cestv-europa.org\/wp-content\/uploads\/2021\/04\/FB_DigitalesStudieren_lang.png 923w, https:\/\/www.cestv-europa.org\/wp-content\/uploads\/2021\/04\/FB_DigitalesStudieren_lang-300x114.png 300w, https:\/\/www.cestv-europa.org\/wp-content\/uploads\/2021\/04\/FB_DigitalesStudieren_lang-768x293.png 768w, https:\/\/www.cestv-europa.org\/wp-content\/uploads\/2021\/04\/FB_DigitalesStudieren_lang-600x229.png 600w\" sizes=\"(max-width: 923px) 100vw, 923px\" \/><\/figure>\n\n\n\n<p class=\"wp-block-paragraph\">ZoomTalk &#8222;Digitales Studieren&#8220; mit Prof. Dr. Ada Pellert, Rektorin der Fernuniversit\u00e4t Hagen, zusammen mit esv KDStV Bayern M\u00fcnchen sowie esv KTStV Pontana Regensburg<\/p>\n\n\n\n<p class=\"wp-block-paragraph\">Stattfinden wird dieser am Donnerstag, 20.5.2021 &#8211; 18:30 s.t. auf Zoom.<\/p>\n\n\n\n<p class=\"wp-block-paragraph\">F\u00fcr die Zugangsdaten bitten wir um Anmeldung unter <a href=\"mailto:zoomtalk@cestv-europa.org\">zoomtalk@cestv-europa.org<\/a> bis 19.5.2021 23:59 Uhr.<\/p>\n\n\n\n<p class=\"wp-block-paragraph\">Zur Vortragenden:<br>Prof. Dr. Ada Pellert kommt aus Bruck\/Mur und studierte BWL an der Universit\u00e4t Graz und Wirtschaftsuniversit\u00e4t Wien. 1987 erwarb sie den Doktor der Sozial- und Wirtschaftswissenschaften an der Wirtschaftsuniversit\u00e4t Wien. Pellert habilitierte sich 1998 in Organisationsentwicklung mit Schwerpunkt Wissenschafts- und Bildungseinrichtungen an der Universit\u00e4t Klagenfurt. Von 2005 bis 2008 war Pellert Professorin f\u00fcr Weiterbildungsforschung und Bildungsmanagement an der Donau-Universit\u00e4t Krems. Von 2009 bis 2015 war sie Pr\u00e4sidentin und Professorin f\u00fcr Organisationsentwicklung und Bildungsmanagement der Deutschen Universit\u00e4t f\u00fcr Weiterbildung in Berlin. Von November 2011 bis Februar 2016 war sie Pr\u00e4sidentin der Carl Benz Academy in Peking.<br>Seit M\u00e4rz 2016 ist Ada Pellert Rektorin der Fernuniversit\u00e4t in Hagen. Im August 2018 wurde sie in den neu gegr\u00fcndeten 10-k\u00f6pfigen Digitalrat der deutschen Bundesregierung berufen.<\/p>\n\n\n\n<p class=\"wp-block-paragraph\"><a rel=\"noreferrer noopener\" href=\"https:\/\/www.fernuni-hagen.de\/universitaet\/leitung-gremien-verwaltung\/rektorin_pellert.shtml?fbclid=IwAR06GhsL5O_AzQS1m9r3Gq13KpIucYBSBl4EglUUPJ5Lc8cFpnFi6sZJi7c\" target=\"_blank\">https:\/\/www.fernuni-hagen.de\/&#8230;\/rektorin_pellert.shtml<\/a><\/p>\n","protected":false},"excerpt":{"rendered":"<p>ZoomTalk &#8222;Digitales Studieren&#8220; mit Prof. Dr. Ada Pellert, Rektorin der Fernuniversit\u00e4t Hagen, zusammen mit esv KDStV Bayern M\u00fcnchen sowie esv KTStV Pontana Regensburg Stattfinden wird dieser am Donnerstag, 20.5.2021 &#8211; 18:30 s.t. auf Zoom. F\u00fcr die Zugangsdaten bitten wir um&#8230; <a class=\"more-link\" href=\"https:\/\/www.cestv-europa.org\/?page_id=356\">Weiterlesen &rarr;<\/a><\/p>\n","protected":false},"author":1,"featured_media":0,"parent":36,"menu_order":1,"comment_status":"closed","ping_status":"closed","template":"","meta":{"_crdt_document":"","footnotes":""},"class_list":["post-356","page","type-page","status-publish","hentry"],"_links":{"self":[{"href":"https:\/\/www.cestv-europa.org\/index.php?rest_route=\/wp\/v2\/pages\/356","targetHints":{"allow":["GET"]}}],"collection":[{"href":"https:\/\/www.cestv-europa.org\/index.php?rest_route=\/wp\/v2\/pages"}],"about":[{"href":"https:\/\/www.cestv-europa.org\/index.php?rest_route=\/wp\/v2\/types\/page"}],"author":[{"embeddable":true,"href":"https:\/\/www.cestv-europa.org\/index.php?rest_route=\/wp\/v2\/users\/1"}],"replies":[{"embeddable":true,"href":"https:\/\/www.cestv-europa.org\/index.php?rest_route=%2Fwp%2Fv2%2Fcomments&post=356"}],"version-history":[{"count":1,"href":"https:\/\/www.cestv-europa.org\/index.php?rest_route=\/wp\/v2\/pages\/356\/revisions"}],"predecessor-version":[{"id":357,"href":"https:\/\/www.cestv-europa.org\/index.php?rest_route=\/wp\/v2\/pages\/356\/revisions\/357"}],"up":[{"embeddable":true,"href":"https:\/\/www.cestv-europa.org\/index.php?rest_route=\/wp\/v2\/pages\/36"}],"wp:attachment":[{"href":"https:\/\/www.cestv-europa.org\/index.php?rest_route=%2Fwp%2Fv2%2Fmedia&parent=356"}],"curies":[{"name":"wp","href":"https:\/\/api.w.org\/{rel}","templated":true}]}}