{"id":635,"date":"2023-04-05T10:11:26","date_gmt":"2023-04-05T08:11:26","guid":{"rendered":"https:\/\/www.cestv-europa.org\/?page_id=635"},"modified":"2023-04-05T10:35:22","modified_gmt":"2023-04-05T08:35:22","slug":"terminus-technicus","status":"publish","type":"page","link":"https:\/\/www.cestv-europa.org\/?page_id=635","title":{"rendered":"Terminus Technicus"},"content":{"rendered":"\n<div class=\"wp-block-media-text alignwide is-stacked-on-mobile\"><figure class=\"wp-block-media-text__media\"><img fetchpriority=\"high\" decoding=\"async\" width=\"666\" height=\"569\" src=\"https:\/\/www.cestv-europa.org\/wp-content\/uploads\/2023\/04\/TT_Logo.png\" alt=\"\" class=\"wp-image-637 size-full\" srcset=\"https:\/\/www.cestv-europa.org\/wp-content\/uploads\/2023\/04\/TT_Logo.png 666w, https:\/\/www.cestv-europa.org\/wp-content\/uploads\/2023\/04\/TT_Logo-300x256.png 300w, https:\/\/www.cestv-europa.org\/wp-content\/uploads\/2023\/04\/TT_Logo-600x513.png 600w\" sizes=\"(max-width: 666px) 100vw, 666px\" \/><\/figure><div class=\"wp-block-media-text__content\">\n<p class=\"wp-block-paragraph\">Die Terminus Technicus ist mehr als eine Verbindungszeitschrift. Wir berichten hier \u00fcber aktuelle Veranstaltungen aus der Europa, dem TCV und EKV sowie \u00fcber Themen, die uns im Leben als Couleurstudenten besch\u00e4ftigt. <\/p>\n\n\n\n<p class=\"wp-block-paragraph\">Als Einstand unserer Verbindungszeitschrift in Form eines Blogs erg\u00e4nzt durch einen regelm\u00e4\u00dfigen Podcast werden wir vermehrt \u00fcber Themen rund um 120 Jahre TCV berichten und euch Einblicke in den kleine Verband geben, der gro\u00dfes bewirkte. <\/p>\n\n\n\n<p class=\"wp-block-paragraph\">Erg\u00e4nzend zum digitalen Angebot arbeiten wir an einer j\u00e4hrlichen Druck-Ausgabe, die als Abo von jedem im EKV bezogen werden kann. Detaillierte Infos dazu folgen noch, sobald wir das Projekt starten.<\/p>\n<\/div><\/div>\n\n\n\n<hr class=\"wp-block-separator has-alpha-channel-opacity is-style-default\"\/>\n\n\n\n<div class=\"wp-block-query is-layout-flow wp-block-query-is-layout-flow\"><ul class=\"wp-block-post-template is-layout-flow wp-block-post-template-is-layout-flow\"><li class=\"wp-block-post post-641 post type-post status-publish format-standard has-post-thumbnail hentry category-allgemein\">\n\n<div class=\"wp-block-columns are-vertically-aligned-center is-layout-flex wp-container-core-columns-is-layout-8f761849 wp-block-columns-is-layout-flex\">\n<div class=\"wp-block-column is-vertically-aligned-center is-layout-flow wp-block-column-is-layout-flow\" style=\"flex-basis:25%\"><figure class=\"wp-block-post-featured-image\"><a href=\"https:\/\/www.cestv-europa.org\/?p=641\" target=\"_self\"  ><img decoding=\"async\" width=\"600\" height=\"513\" src=\"https:\/\/www.cestv-europa.org\/wp-content\/uploads\/2023\/04\/TT_Logo-600x513.png\" class=\"attachment-post-thumbnail size-post-thumbnail wp-post-image\" alt=\"Jubeljahr\" style=\"object-fit:cover;\" srcset=\"https:\/\/www.cestv-europa.org\/wp-content\/uploads\/2023\/04\/TT_Logo-600x513.png 600w, https:\/\/www.cestv-europa.org\/wp-content\/uploads\/2023\/04\/TT_Logo-300x256.png 300w, https:\/\/www.cestv-europa.org\/wp-content\/uploads\/2023\/04\/TT_Logo.png 666w\" sizes=\"(max-width: 600px) 100vw, 600px\" \/><\/a><\/figure><\/div>\n\n\n\n<div class=\"wp-block-column is-vertically-aligned-center is-layout-flow wp-block-column-is-layout-flow\" style=\"flex-basis:75%\"><h2 class=\"wp-block-post-title\"><a href=\"https:\/\/www.cestv-europa.org\/?p=641\" target=\"_self\" >Jubeljahr<\/a><\/h2><\/div>\n<\/div>\n\n<\/li><\/ul><\/div>\n","protected":false},"excerpt":{"rendered":"<p>Die Terminus Technicus ist mehr als eine Verbindungszeitschrift. Wir berichten hier \u00fcber aktuelle Veranstaltungen aus der Europa, dem TCV und EKV sowie \u00fcber Themen, die uns im Leben als Couleurstudenten besch\u00e4ftigt. Als Einstand unserer Verbindungszeitschrift in Form eines Blogs erg\u00e4nzt&#8230; <a class=\"more-link\" href=\"https:\/\/www.cestv-europa.org\/?page_id=635\">Weiterlesen &rarr;<\/a><\/p>\n","protected":false},"author":1,"featured_media":0,"parent":0,"menu_order":0,"comment_status":"closed","ping_status":"closed","template":"","meta":{"_crdt_document":"","footnotes":""},"class_list":["post-635","page","type-page","status-publish","hentry"],"_links":{"self":[{"href":"https:\/\/www.cestv-europa.org\/index.php?rest_route=\/wp\/v2\/pages\/635","targetHints":{"allow":["GET"]}}],"collection":[{"href":"https:\/\/www.cestv-europa.org\/index.php?rest_route=\/wp\/v2\/pages"}],"about":[{"href":"https:\/\/www.cestv-europa.org\/index.php?rest_route=\/wp\/v2\/types\/page"}],"author":[{"embeddable":true,"href":"https:\/\/www.cestv-europa.org\/index.php?rest_route=\/wp\/v2\/users\/1"}],"replies":[{"embeddable":true,"href":"https:\/\/www.cestv-europa.org\/index.php?rest_route=%2Fwp%2Fv2%2Fcomments&post=635"}],"version-history":[{"count":3,"href":"https:\/\/www.cestv-europa.org\/index.php?rest_route=\/wp\/v2\/pages\/635\/revisions"}],"predecessor-version":[{"id":643,"href":"https:\/\/www.cestv-europa.org\/index.php?rest_route=\/wp\/v2\/pages\/635\/revisions\/643"}],"wp:attachment":[{"href":"https:\/\/www.cestv-europa.org\/index.php?rest_route=%2Fwp%2Fv2%2Fmedia&parent=635"}],"curies":[{"name":"wp","href":"https:\/\/api.w.org\/{rel}","templated":true}]}}